{"id":114,"date":"2024-03-22T13:47:15","date_gmt":"2024-03-22T12:47:15","guid":{"rendered":"https:\/\/privakreed.com\/?page_id=114"},"modified":"2025-05-21T23:38:47","modified_gmt":"2025-05-21T21:38:47","slug":"questions-frequentes","status":"publish","type":"page","link":"https:\/\/privakreed.com\/index.php\/questions-frequentes\/","title":{"rendered":"Questions fr\u00e9quentes"},"content":{"rendered":"\t\t<div data-elementor-type=\"wp-page\" data-elementor-id=\"114\" class=\"elementor elementor-114\" data-elementor-post-type=\"page\">\n\t\t\t\t<div class=\"elementor-element elementor-element-e9c3a7e e-flex e-con-boxed e-con e-parent\" data-id=\"e9c3a7e\" data-element_type=\"container\" data-settings=\"{&quot;background_background&quot;:&quot;classic&quot;}\">\n\t\t\t\t\t<div class=\"e-con-inner\">\n\t\t\t\t<div class=\"elementor-element elementor-element-24bc51e elementor-widget elementor-widget-heading\" data-id=\"24bc51e\" data-element_type=\"widget\" data-widget_type=\"heading.default\">\n\t\t\t\t<div class=\"elementor-widget-container\">\n\t\t\t\t\t<h2 class=\"elementor-heading-title elementor-size-default\">FAQ<\/h2>\t\t\t\t<\/div>\n\t\t\t\t<\/div>\n\t\t\t\t\t<\/div>\n\t\t\t\t<\/div>\n\t\t<div class=\"elementor-element elementor-element-8373e51 e-flex e-con-boxed e-con e-parent\" data-id=\"8373e51\" data-element_type=\"container\">\n\t\t\t\t\t<div class=\"e-con-inner\">\n\t\t\t\t<div class=\"elementor-element elementor-element-ddd3367 elementor-widget elementor-widget-elementskit-faq\" data-id=\"ddd3367\" data-element_type=\"widget\" data-widget_type=\"elementskit-faq.default\">\n\t\t\t\t<div class=\"elementor-widget-container\">\n\t\t\t\t\t<div class=\"ekit-wid-con\" >\n                <div class=\"elementskit-single-faq elementor-repeater-item-30690f1\">\n            <div class=\"elementskit-faq-header\">\n                <h2 class=\"elementskit-faq-title\">Comment souscrire \u00e0 un pr\u00eat personnel chez Private kredit ?<\/h2>\n            <\/div>\n            <div class=\"elementskit-faq-body\">\n                Deux possibilit\u00e9s pour souscrire \u00e0 un pr\u00eat personnel : <br>\n- en ligne sur le site de Private kredit : souscrire en ligne au pr\u00eat personnel :\nsimulez votre cr\u00e9dit \ncompl\u00e9tez le formulaire de cr\u00e9dit en ligne et obtenez une 1\u00e8re r\u00e9ponse de principe imm\u00e9diate ;\nfinalisez votre dossier en ligne ou par courrier.<br>\n            <\/div>\n        <\/div>\n                <div class=\"elementskit-single-faq elementor-repeater-item-9cf046e\">\n            <div class=\"elementskit-faq-header\">\n                <h2 class=\"elementskit-faq-title\">Quel d\u00e9lai il faut pour recevoir les fonds ?<\/h2>\n            <\/div>\n            <div class=\"elementskit-faq-body\">\n                Vous recevez les fonds \u00e0 l'issue du d\u00e9lai de r\u00e9tractation l\u00e9gal.<br>\nPour plus d'informations, nous vous invitons \u00e0 privil\u00e9gier les canaux de contact ci-dessous :\n<br><br>\n\n\n- par mail \u00e0 l'adresse suivante : contact@privakreed.com <br>\n\n- utilisez le formulaire de demande sur la page d'accueil            <\/div>\n        <\/div>\n                <div class=\"elementskit-single-faq elementor-repeater-item-59f101e\">\n            <div class=\"elementskit-faq-header\">\n                <h2 class=\"elementskit-faq-title\">Quel montant de financement puis-je demander ?<\/h2>\n            <\/div>\n            <div class=\"elementskit-faq-body\">\n                Selon le projet \u00e0 financer, Private kredit vous propose un financement avec diff\u00e9rentes dur\u00e9es de remboursement et des avantages pratiques :\nLe Pr\u00eat Personnel multiprojets (coup de c\u0153ur, voyage, bateau, etc\u2026)<br>\nLe Pr\u00eat Auto (achat neuf ou d'occasion, r\u00e9paration ou r\u00e9novation)<br>\nLe Pr\u00eat Moto (achat neuf ou d'occasion, r\u00e9paration ou r\u00e9novation)<br>\nLe Pr\u00eat Travaux et D\u00e9coration (isolation, r\u00e9novation, d\u00e9coration, etc.)<br>\nLe Cr\u00e9dit Loisirs (v\u00e9hicule de collection, achat d'un mobile-home)<br>\nLe Pr\u00eat Camping-car (achat neuf ou d'occasion, r\u00e9paration ou r\u00e9novation)<br>\nLe Pr\u00eat Voyage (partir en vacances, financer un voyage)<br>\nLe Pr\u00eat Bateau (achat neuf ou d'occasion, r\u00e9paration ou r\u00e9novation)<br>\nLe Cr\u00e9dit Mariage (traiteur, photographe ou lieux de r\u00e9ception)<br>\nLe Pr\u00eat Economie d'\u00e9nergie (changement des huisseries, installation de panneau solaire)<br>\nLe cr\u00e9dit \u00e0 la consommation (\u00e9v\u00e9nement familial, informatique, tr\u00e9sorerie, etc...)<br>            <\/div>\n        <\/div>\n                \n    <\/div>\t\t\t\t<\/div>\n\t\t\t\t<\/div>\n\t\t\t\t\t<\/div>\n\t\t\t\t<\/div>\n\t\t\t\t<\/div>\n\t\t","protected":false},"excerpt":{"rendered":"<p>FAQ Comment souscrire \u00e0 un pr\u00eat personnel chez Private kredit ? Deux possibilit\u00e9s pour souscrire \u00e0 un pr\u00eat personnel : &#8211; en ligne sur le site de Private kredit : souscrire en ligne au pr\u00eat personnel : simulez votre cr\u00e9dit compl\u00e9tez le formulaire de cr\u00e9dit en ligne et obtenez une 1\u00e8re r\u00e9ponse de principe imm\u00e9diate [&hellip;]<\/p>\n","protected":false},"author":1,"featured_media":0,"parent":0,"menu_order":0,"comment_status":"closed","ping_status":"closed","template":"elementor_header_footer","meta":{"footnotes":""},"class_list":["post-114","page","type-page","status-publish","hentry"],"yoast_head":"<!-- This site is optimized with the Yoast SEO plugin v25.6 - https:\/\/yoast.com\/wordpress\/plugins\/seo\/ -->\n<title>Questions fr\u00e9quentes - Private kredit<\/title>\n<meta name=\"robots\" content=\"index, follow, max-snippet:-1, max-image-preview:large, max-video-preview:-1\" \/>\n<link rel=\"canonical\" href=\"https:\/\/privakreed.com\/index.php\/questions-frequentes\/\" \/>\n<meta property=\"og:locale\" content=\"fr_FR\" \/>\n<meta property=\"og:type\" content=\"article\" \/>\n<meta property=\"og:title\" content=\"Questions fr\u00e9quentes - Private kredit\" \/>\n<meta property=\"og:description\" content=\"FAQ Comment souscrire \u00e0 un pr\u00eat personnel chez Private kredit ? Deux possibilit\u00e9s pour souscrire \u00e0 un pr\u00eat personnel : &#8211; en ligne sur le site de Private kredit : souscrire en ligne au pr\u00eat personnel : simulez votre cr\u00e9dit compl\u00e9tez le formulaire de cr\u00e9dit en ligne et obtenez une 1\u00e8re r\u00e9ponse de principe imm\u00e9diate [&hellip;]\" \/>\n<meta property=\"og:url\" content=\"https:\/\/privakreed.com\/index.php\/questions-frequentes\/\" \/>\n<meta property=\"og:site_name\" content=\"Private kredit\" \/>\n<meta property=\"article:modified_time\" content=\"2025-05-21T21:38:47+00:00\" \/>\n<meta name=\"twitter:card\" content=\"summary_large_image\" \/>\n<meta name=\"twitter:label1\" content=\"Dur\u00e9e de lecture estim\u00e9e\" \/>\n\t<meta name=\"twitter:data1\" content=\"2 minutes\" \/>\n<script type=\"application\/ld+json\" class=\"yoast-schema-graph\">{\"@context\":\"https:\/\/schema.org\",\"@graph\":[{\"@type\":\"WebPage\",\"@id\":\"https:\/\/privakreed.com\/index.php\/questions-frequentes\/\",\"url\":\"https:\/\/privakreed.com\/index.php\/questions-frequentes\/\",\"name\":\"Questions fr\u00e9quentes - Private kredit\",\"isPartOf\":{\"@id\":\"https:\/\/privakreed.com\/#website\"},\"datePublished\":\"2024-03-22T12:47:15+00:00\",\"dateModified\":\"2025-05-21T21:38:47+00:00\",\"breadcrumb\":{\"@id\":\"https:\/\/privakreed.com\/index.php\/questions-frequentes\/#breadcrumb\"},\"inLanguage\":\"fr-FR\",\"potentialAction\":[{\"@type\":\"ReadAction\",\"target\":[\"https:\/\/privakreed.com\/index.php\/questions-frequentes\/\"]}]},{\"@type\":\"BreadcrumbList\",\"@id\":\"https:\/\/privakreed.com\/index.php\/questions-frequentes\/#breadcrumb\",\"itemListElement\":[{\"@type\":\"ListItem\",\"position\":1,\"name\":\"Accueil\",\"item\":\"https:\/\/privakreed.com\/\"},{\"@type\":\"ListItem\",\"position\":2,\"name\":\"Questions fr\u00e9quentes\"}]},{\"@type\":\"WebSite\",\"@id\":\"https:\/\/privakreed.com\/#website\",\"url\":\"https:\/\/privakreed.com\/\",\"name\":\"Crevits Financer\",\"description\":\"Le cr\u00e9dit qu&#039;il vous faut\",\"publisher\":{\"@id\":\"https:\/\/privakreed.com\/#organization\"},\"potentialAction\":[{\"@type\":\"SearchAction\",\"target\":{\"@type\":\"EntryPoint\",\"urlTemplate\":\"https:\/\/privakreed.com\/?s={search_term_string}\"},\"query-input\":{\"@type\":\"PropertyValueSpecification\",\"valueRequired\":true,\"valueName\":\"search_term_string\"}}],\"inLanguage\":\"fr-FR\"},{\"@type\":\"Organization\",\"@id\":\"https:\/\/privakreed.com\/#organization\",\"name\":\"Crevits Financer\",\"url\":\"https:\/\/privakreed.com\/\",\"logo\":{\"@type\":\"ImageObject\",\"inLanguage\":\"fr-FR\",\"@id\":\"https:\/\/privakreed.com\/#\/schema\/logo\/image\/\",\"url\":\"https:\/\/privakreed.com\/wp-content\/uploads\/2024\/03\/CREVITS-FINANCER.png\",\"contentUrl\":\"https:\/\/privakreed.com\/wp-content\/uploads\/2024\/03\/CREVITS-FINANCER.png\",\"width\":176,\"height\":50,\"caption\":\"Crevits Financer\"},\"image\":{\"@id\":\"https:\/\/privakreed.com\/#\/schema\/logo\/image\/\"}}]}<\/script>\n<!-- \/ Yoast SEO plugin. -->","yoast_head_json":{"title":"Questions fr\u00e9quentes - Private kredit","robots":{"index":"index","follow":"follow","max-snippet":"max-snippet:-1","max-image-preview":"max-image-preview:large","max-video-preview":"max-video-preview:-1"},"canonical":"https:\/\/privakreed.com\/index.php\/questions-frequentes\/","og_locale":"fr_FR","og_type":"article","og_title":"Questions fr\u00e9quentes - Private kredit","og_description":"FAQ Comment souscrire \u00e0 un pr\u00eat personnel chez Private kredit ? Deux possibilit\u00e9s pour souscrire \u00e0 un pr\u00eat personnel : &#8211; en ligne sur le site de Private kredit : souscrire en ligne au pr\u00eat personnel : simulez votre cr\u00e9dit compl\u00e9tez le formulaire de cr\u00e9dit en ligne et obtenez une 1\u00e8re r\u00e9ponse de principe imm\u00e9diate [&hellip;]","og_url":"https:\/\/privakreed.com\/index.php\/questions-frequentes\/","og_site_name":"Private kredit","article_modified_time":"2025-05-21T21:38:47+00:00","twitter_card":"summary_large_image","twitter_misc":{"Dur\u00e9e de lecture estim\u00e9e":"2 minutes"},"schema":{"@context":"https:\/\/schema.org","@graph":[{"@type":"WebPage","@id":"https:\/\/privakreed.com\/index.php\/questions-frequentes\/","url":"https:\/\/privakreed.com\/index.php\/questions-frequentes\/","name":"Questions fr\u00e9quentes - Private kredit","isPartOf":{"@id":"https:\/\/privakreed.com\/#website"},"datePublished":"2024-03-22T12:47:15+00:00","dateModified":"2025-05-21T21:38:47+00:00","breadcrumb":{"@id":"https:\/\/privakreed.com\/index.php\/questions-frequentes\/#breadcrumb"},"inLanguage":"fr-FR","potentialAction":[{"@type":"ReadAction","target":["https:\/\/privakreed.com\/index.php\/questions-frequentes\/"]}]},{"@type":"BreadcrumbList","@id":"https:\/\/privakreed.com\/index.php\/questions-frequentes\/#breadcrumb","itemListElement":[{"@type":"ListItem","position":1,"name":"Accueil","item":"https:\/\/privakreed.com\/"},{"@type":"ListItem","position":2,"name":"Questions fr\u00e9quentes"}]},{"@type":"WebSite","@id":"https:\/\/privakreed.com\/#website","url":"https:\/\/privakreed.com\/","name":"Crevits Financer","description":"Le cr\u00e9dit qu&#039;il vous faut","publisher":{"@id":"https:\/\/privakreed.com\/#organization"},"potentialAction":[{"@type":"SearchAction","target":{"@type":"EntryPoint","urlTemplate":"https:\/\/privakreed.com\/?s={search_term_string}"},"query-input":{"@type":"PropertyValueSpecification","valueRequired":true,"valueName":"search_term_string"}}],"inLanguage":"fr-FR"},{"@type":"Organization","@id":"https:\/\/privakreed.com\/#organization","name":"Crevits Financer","url":"https:\/\/privakreed.com\/","logo":{"@type":"ImageObject","inLanguage":"fr-FR","@id":"https:\/\/privakreed.com\/#\/schema\/logo\/image\/","url":"https:\/\/privakreed.com\/wp-content\/uploads\/2024\/03\/CREVITS-FINANCER.png","contentUrl":"https:\/\/privakreed.com\/wp-content\/uploads\/2024\/03\/CREVITS-FINANCER.png","width":176,"height":50,"caption":"Crevits Financer"},"image":{"@id":"https:\/\/privakreed.com\/#\/schema\/logo\/image\/"}}]}},"_links":{"self":[{"href":"https:\/\/privakreed.com\/index.php\/wp-json\/wp\/v2\/pages\/114","targetHints":{"allow":["GET"]}}],"collection":[{"href":"https:\/\/privakreed.com\/index.php\/wp-json\/wp\/v2\/pages"}],"about":[{"href":"https:\/\/privakreed.com\/index.php\/wp-json\/wp\/v2\/types\/page"}],"author":[{"embeddable":true,"href":"https:\/\/privakreed.com\/index.php\/wp-json\/wp\/v2\/users\/1"}],"replies":[{"embeddable":true,"href":"https:\/\/privakreed.com\/index.php\/wp-json\/wp\/v2\/comments?post=114"}],"version-history":[{"count":31,"href":"https:\/\/privakreed.com\/index.php\/wp-json\/wp\/v2\/pages\/114\/revisions"}],"predecessor-version":[{"id":1007,"href":"https:\/\/privakreed.com\/index.php\/wp-json\/wp\/v2\/pages\/114\/revisions\/1007"}],"wp:attachment":[{"href":"https:\/\/privakreed.com\/index.php\/wp-json\/wp\/v2\/media?parent=114"}],"curies":[{"name":"wp","href":"https:\/\/api.w.org\/{rel}","templated":true}]}}