{"id":129,"date":"2024-03-22T14:06:50","date_gmt":"2024-03-22T13:06:50","guid":{"rendered":"https:\/\/privakreed.com\/?page_id=129"},"modified":"2025-03-10T09:08:17","modified_gmt":"2025-03-10T08:08:17","slug":"pret-personnel","status":"publish","type":"page","link":"https:\/\/privakreed.com\/index.php\/pret-personnel\/","title":{"rendered":"Pr\u00eat personnel"},"content":{"rendered":"\t\t<div data-elementor-type=\"wp-page\" data-elementor-id=\"129\" class=\"elementor elementor-129\" data-elementor-post-type=\"page\">\n\t\t\t\t<div class=\"elementor-element elementor-element-400b0f9 e-flex e-con-boxed e-con e-parent\" data-id=\"400b0f9\" data-element_type=\"container\" data-settings=\"{&quot;background_background&quot;:&quot;classic&quot;}\">\n\t\t\t\t\t<div class=\"e-con-inner\">\n\t\t\t\t<div class=\"elementor-element elementor-element-e6d9cb2 elementor-widget elementor-widget-heading\" data-id=\"e6d9cb2\" data-element_type=\"widget\" data-widget_type=\"heading.default\">\n\t\t\t\t<div class=\"elementor-widget-container\">\n\t\t\t\t\t<h2 class=\"elementor-heading-title elementor-size-default\">Financez vos projets gr\u00e2ce \u00e0 notre pr\u00eat perso<\/h2>\t\t\t\t<\/div>\n\t\t\t\t<\/div>\n\t\t\t\t\t<\/div>\n\t\t\t\t<\/div>\n\t\t<div class=\"elementor-element elementor-element-35dbaa7 e-flex e-con-boxed e-con e-parent\" data-id=\"35dbaa7\" data-element_type=\"container\">\n\t\t\t\t\t<div class=\"e-con-inner\">\n\t\t<div class=\"elementor-element elementor-element-85efde6 e-con-full e-flex e-con e-child\" data-id=\"85efde6\" data-element_type=\"container\">\n\t\t\t\t<div class=\"elementor-element elementor-element-6428e56 elementor-widget elementor-widget-heading\" data-id=\"6428e56\" data-element_type=\"widget\" data-widget_type=\"heading.default\">\n\t\t\t\t<div class=\"elementor-widget-container\">\n\t\t\t\t\t<h2 class=\"elementor-heading-title elementor-size-default\">Le pr\u00eat perso Private kredit<\/h2>\t\t\t\t<\/div>\n\t\t\t\t<\/div>\n\t\t\t\t<div class=\"elementor-element elementor-element-e16bda0 elementor-widget elementor-widget-text-editor\" data-id=\"e16bda0\" data-element_type=\"widget\" data-widget_type=\"text-editor.default\">\n\t\t\t\t<div class=\"elementor-widget-container\">\n\t\t\t\t\t\t\t\t\t<p>Vous souhaitez changer votre d\u00e9co ? Organiser un beau mariage ? R\u00e9nover votre maison ou encore faire le tour du monde ? Quel que soit votre projet, le pr\u00eat personnel vous permet de le r\u00e9aliser sereinement.<\/p>\t\t\t\t\t\t\t\t<\/div>\n\t\t\t\t<\/div>\n\t\t<div class=\"elementor-element elementor-element-a1d4449 e-grid e-con-boxed e-con e-child\" data-id=\"a1d4449\" data-element_type=\"container\">\n\t\t\t\t\t<div class=\"e-con-inner\">\n\t\t<div class=\"elementor-element elementor-element-0c41160 e-flex e-con-boxed e-con e-child\" data-id=\"0c41160\" data-element_type=\"container\">\n\t\t\t\t\t<div class=\"e-con-inner\">\n\t\t\t\t<div class=\"elementor-element elementor-element-9dd8037 elementor-widget elementor-widget-heading\" data-id=\"9dd8037\" data-element_type=\"widget\" data-widget_type=\"heading.default\">\n\t\t\t\t<div class=\"elementor-widget-container\">\n\t\t\t\t\t<h2 class=\"elementor-heading-title elementor-size-default\">Etape 1 : <\/h2>\t\t\t\t<\/div>\n\t\t\t\t<\/div>\n\t\t\t\t<div class=\"elementor-element elementor-element-5cf6107 elementor-widget elementor-widget-heading\" data-id=\"5cf6107\" data-element_type=\"widget\" data-widget_type=\"heading.default\">\n\t\t\t\t<div class=\"elementor-widget-container\">\n\t\t\t\t\t<p class=\"elementor-heading-title elementor-size-default\">Souscrivez au pr\u00eat personnel en ligne<\/p>\t\t\t\t<\/div>\n\t\t\t\t<\/div>\n\t\t\t\t\t<\/div>\n\t\t\t\t<\/div>\n\t\t<div class=\"elementor-element elementor-element-ac02863 e-flex e-con-boxed e-con e-child\" data-id=\"ac02863\" data-element_type=\"container\">\n\t\t\t\t\t<div class=\"e-con-inner\">\n\t\t\t\t<div class=\"elementor-element elementor-element-c858d22 elementor-widget elementor-widget-heading\" data-id=\"c858d22\" data-element_type=\"widget\" data-widget_type=\"heading.default\">\n\t\t\t\t<div class=\"elementor-widget-container\">\n\t\t\t\t\t<h2 class=\"elementor-heading-title elementor-size-default\">Etape 2 : <\/h2>\t\t\t\t<\/div>\n\t\t\t\t<\/div>\n\t\t\t\t<div class=\"elementor-element elementor-element-ed95c11 elementor-widget elementor-widget-heading\" data-id=\"ed95c11\" data-element_type=\"widget\" data-widget_type=\"heading.default\">\n\t\t\t\t<div class=\"elementor-widget-container\">\n\t\t\t\t\t<p class=\"elementor-heading-title elementor-size-default\">Obtenez une r\u00e9ponse de principe imm\u00e9diate<\/p>\t\t\t\t<\/div>\n\t\t\t\t<\/div>\n\t\t\t\t\t<\/div>\n\t\t\t\t<\/div>\n\t\t<div class=\"elementor-element elementor-element-4ce0199 e-flex e-con-boxed e-con e-child\" data-id=\"4ce0199\" data-element_type=\"container\">\n\t\t\t\t\t<div class=\"e-con-inner\">\n\t\t\t\t<div class=\"elementor-element elementor-element-8ba64f5 elementor-widget elementor-widget-heading\" data-id=\"8ba64f5\" data-element_type=\"widget\" data-widget_type=\"heading.default\">\n\t\t\t\t<div class=\"elementor-widget-container\">\n\t\t\t\t\t<h2 class=\"elementor-heading-title elementor-size-default\">Etape 3 : <\/h2>\t\t\t\t<\/div>\n\t\t\t\t<\/div>\n\t\t\t\t<div class=\"elementor-element elementor-element-5b93313 elementor-widget elementor-widget-heading\" data-id=\"5b93313\" data-element_type=\"widget\" data-widget_type=\"heading.default\">\n\t\t\t\t<div class=\"elementor-widget-container\">\n\t\t\t\t\t<p class=\"elementor-heading-title elementor-size-default\">Recevez les fonds d\u00e8s acceptation de votre dossier <\/p>\t\t\t\t<\/div>\n\t\t\t\t<\/div>\n\t\t\t\t\t<\/div>\n\t\t\t\t<\/div>\n\t\t<div class=\"elementor-element elementor-element-7438eb9 e-flex e-con-boxed e-con e-child\" data-id=\"7438eb9\" data-element_type=\"container\">\n\t\t\t\t\t<div class=\"e-con-inner\">\n\t\t\t\t<div class=\"elementor-element elementor-element-c5cb0c3 elementor-widget elementor-widget-heading\" data-id=\"c5cb0c3\" data-element_type=\"widget\" data-widget_type=\"heading.default\">\n\t\t\t\t<div class=\"elementor-widget-container\">\n\t\t\t\t\t<h2 class=\"elementor-heading-title elementor-size-default\">Montant emprunt\u00e9: <\/h2>\t\t\t\t<\/div>\n\t\t\t\t<\/div>\n\t\t\t\t<div class=\"elementor-element elementor-element-0f76837 elementor-widget elementor-widget-heading\" data-id=\"0f76837\" data-element_type=\"widget\" data-widget_type=\"heading.default\">\n\t\t\t\t<div class=\"elementor-widget-container\">\n\t\t\t\t\t<p class=\"elementor-heading-title elementor-size-default\">Jusqu'\u00e0 75 000 \u20ac<\/p>\t\t\t\t<\/div>\n\t\t\t\t<\/div>\n\t\t\t\t\t<\/div>\n\t\t\t\t<\/div>\n\t\t\t\t\t<\/div>\n\t\t\t\t<\/div>\n\t\t\t\t<\/div>\n\t\t<div class=\"elementor-element elementor-element-f933669 e-con-full e-flex e-con e-child\" data-id=\"f933669\" data-element_type=\"container\">\n\t\t\t\t<div class=\"elementor-element elementor-element-2e1d388 elementor-widget elementor-widget-image\" data-id=\"2e1d388\" data-element_type=\"widget\" data-widget_type=\"image.default\">\n\t\t\t\t<div class=\"elementor-widget-container\">\n\t\t\t\t\t\t\t\t\t\t\t\t\t\t\t<img fetchpriority=\"high\" decoding=\"async\" width=\"800\" height=\"534\" src=\"https:\/\/privakreed.com\/wp-content\/uploads\/2025\/03\/Pret-personel-1024x684.jpg\" class=\"attachment-large size-large wp-image-845\" alt=\"\" srcset=\"https:\/\/privakreed.com\/wp-content\/uploads\/2025\/03\/Pret-personel-1024x684.jpg 1024w, https:\/\/privakreed.com\/wp-content\/uploads\/2025\/03\/Pret-personel-300x200.jpg 300w, https:\/\/privakreed.com\/wp-content\/uploads\/2025\/03\/Pret-personel-768x513.jpg 768w, https:\/\/privakreed.com\/wp-content\/uploads\/2025\/03\/Pret-personel.jpg 1200w\" sizes=\"(max-width: 800px) 100vw, 800px\" \/>\t\t\t\t\t\t\t\t\t\t\t\t\t\t\t<\/div>\n\t\t\t\t<\/div>\n\t\t\t\t<\/div>\n\t\t\t\t\t<\/div>\n\t\t\t\t<\/div>\n\t\t<div class=\"elementor-element elementor-element-04c402c e-flex e-con-boxed e-con e-parent\" data-id=\"04c402c\" data-element_type=\"container\" data-settings=\"{&quot;shape_divider_top&quot;:&quot;triangle-asymmetrical&quot;}\">\n\t\t\t\t\t<div class=\"e-con-inner\">\n\t\t\t\t<div class=\"elementor-shape elementor-shape-top\" aria-hidden=\"true\" data-negative=\"false\">\n\t\t\t<svg xmlns=\"http:\/\/www.w3.org\/2000\/svg\" viewBox=\"0 0 1000 100\" preserveAspectRatio=\"none\">\n\t<path class=\"elementor-shape-fill\" d=\"M738,99l262-93V0H0v5.6L738,99z\"\/>\n<\/svg>\t\t<\/div>\n\t\t\t\t<div class=\"elementor-element elementor-element-cd4ab5d elementor-widget elementor-widget-heading\" data-id=\"cd4ab5d\" data-element_type=\"widget\" data-widget_type=\"heading.default\">\n\t\t\t\t<div class=\"elementor-widget-container\">\n\t\t\t\t\t<h2 class=\"elementor-heading-title elementor-size-default\">Les avantages du Pr\u00eat Personnel<\/h2>\t\t\t\t<\/div>\n\t\t\t\t<\/div>\n\t\t\t\t<div class=\"elementor-element elementor-element-3465e3b elementor-widget elementor-widget-text-editor\" data-id=\"3465e3b\" data-element_type=\"widget\" data-widget_type=\"text-editor.default\">\n\t\t\t\t<div class=\"elementor-widget-container\">\n\t\t\t\t\t\t\t\t\t<h3><strong>Un montant et une dur\u00e9e d\u00e9termin\u00e9s<\/strong><\/h3><p>Pour vos petits et grands projets personnels, vous empruntez entre 5<strong>\u00a0001 \u20ac et 75 000 \u20ac<\/strong>, que vous remboursez en\u00a0<strong>12 \u00e0 120 mois<\/strong>.<\/p><p>Et en fonction de la dur\u00e9e de votre remboursement, vos mensualit\u00e9s varient !<\/p>\t\t\t\t\t\t\t\t<\/div>\n\t\t\t\t<\/div>\n\t\t\t\t<div class=\"elementor-element elementor-element-a85c587 elementor-widget elementor-widget-text-editor\" data-id=\"a85c587\" data-element_type=\"widget\" data-widget_type=\"text-editor.default\">\n\t\t\t\t<div class=\"elementor-widget-container\">\n\t\t\t\t\t\t\t\t\t<h3><strong>Pas de mauvaise surprise<\/strong><\/h3><p>Choisir le Pr\u00eat Perso, c\u2019est b\u00e9n\u00e9ficier d\u2019un Taux Annuel Effectif Global (TAEG) fixe de 1,900 % \u00e0 7,930 % en fonction du montant choisi et de la dur\u00e9e de votre remboursement.<\/p>\t\t\t\t\t\t\t\t<\/div>\n\t\t\t\t<\/div>\n\t\t\t\t<div class=\"elementor-element elementor-element-9483fbc elementor-widget elementor-widget-text-editor\" data-id=\"9483fbc\" data-element_type=\"widget\" data-widget_type=\"text-editor.default\">\n\t\t\t\t<div class=\"elementor-widget-container\">\n\t\t\t\t\t\t\t\t\t<h3><strong>Utilisez l\u2019argent comme vous le souhaitez<\/strong><\/h3><p><strong>La nature de votre projet ne nous regarde pas !<\/strong>\u00a0Vous recevez le montant emprunt\u00e9\u00a0en une fois sur votre compte bancaire et utilisez l\u2019argent comme vous le souhaitez.<\/p>\t\t\t\t\t\t\t\t<\/div>\n\t\t\t\t<\/div>\n\t\t\t\t\t<\/div>\n\t\t\t\t<\/div>\n\t\t<div class=\"elementor-element elementor-element-44d81c7 e-flex e-con-boxed e-con e-parent\" data-id=\"44d81c7\" data-element_type=\"container\">\n\t\t\t\t\t<div class=\"e-con-inner\">\n\t\t\t\t<div class=\"elementor-element elementor-element-fc2829a elementor-cta--skin-classic elementor-animated-content elementor-bg-transform elementor-bg-transform-zoom-in elementor-widget elementor-widget-call-to-action\" data-id=\"fc2829a\" data-element_type=\"widget\" data-widget_type=\"call-to-action.default\">\n\t\t\t\t<div class=\"elementor-widget-container\">\n\t\t\t\t\t\t\t<div class=\"elementor-cta\">\n\t\t\t\t\t\t\t<div class=\"elementor-cta__content\">\n\t\t\t\t\n\t\t\t\t<h2 class=\"elementor-cta__title elementor-cta__content-item elementor-content-item\">Vous h\u00e9sitez encore ?<\/h2>\n\t\t\t\t\t\t\t\t\t<div class=\"elementor-cta__description elementor-cta__content-item elementor-content-item\">\n\t\t\t\t\t\tPrivate kredit vous aide \u00e0 trouver le cr\u00e9dit qui est vraiment fait pour vous.\t\t\t\t\t<\/div>\n\t\t\t\t\n\t\t\t\t\t\t\t\t\t<div class=\"elementor-cta__button-wrapper elementor-cta__content-item elementor-content-item \">\n\t\t\t\t\t<a class=\"elementor-cta__button elementor-button elementor-size-sm\" href=\"https:\/\/privakreed.com\/index.php\/demander-un-credit\/\">\n\t\t\t\t\t\tDemander un cr\u00e9dit\t\t\t\t\t<\/a>\n\t\t\t\t\t<\/div>\n\t\t\t\t\t\t\t<\/div>\n\t\t\t\t\t\t<\/div>\n\t\t\t\t\t\t<\/div>\n\t\t\t\t<\/div>\n\t\t\t\t\t<\/div>\n\t\t\t\t<\/div>\n\t\t\t\t<\/div>\n\t\t","protected":false},"excerpt":{"rendered":"<p>Financez vos projets gr\u00e2ce \u00e0 notre pr\u00eat perso Le pr\u00eat perso Private kredit Vous souhaitez changer votre d\u00e9co ? Organiser un beau mariage ? R\u00e9nover votre maison ou encore faire le tour du monde ? Quel que soit votre projet, le pr\u00eat personnel vous permet de le r\u00e9aliser sereinement. Etape 1 : Souscrivez au pr\u00eat [&hellip;]<\/p>\n","protected":false},"author":1,"featured_media":0,"parent":0,"menu_order":0,"comment_status":"closed","ping_status":"closed","template":"elementor_header_footer","meta":{"footnotes":""},"class_list":["post-129","page","type-page","status-publish","hentry"],"yoast_head":"<!-- This site is optimized with the Yoast SEO plugin v25.6 - https:\/\/yoast.com\/wordpress\/plugins\/seo\/ -->\n<title>Pr\u00eat personnel - Private kredit<\/title>\n<meta name=\"robots\" content=\"index, follow, max-snippet:-1, max-image-preview:large, max-video-preview:-1\" \/>\n<link rel=\"canonical\" href=\"https:\/\/privakreed.com\/index.php\/pret-personnel\/\" \/>\n<meta property=\"og:locale\" content=\"fr_FR\" \/>\n<meta property=\"og:type\" content=\"article\" \/>\n<meta property=\"og:title\" content=\"Pr\u00eat personnel - Private kredit\" \/>\n<meta property=\"og:description\" content=\"Financez vos projets gr\u00e2ce \u00e0 notre pr\u00eat perso Le pr\u00eat perso Private kredit Vous souhaitez changer votre d\u00e9co ? Organiser un beau mariage ? R\u00e9nover votre maison ou encore faire le tour du monde ? Quel que soit votre projet, le pr\u00eat personnel vous permet de le r\u00e9aliser sereinement. Etape 1 : Souscrivez au pr\u00eat [&hellip;]\" \/>\n<meta property=\"og:url\" content=\"https:\/\/privakreed.com\/index.php\/pret-personnel\/\" \/>\n<meta property=\"og:site_name\" content=\"Private kredit\" \/>\n<meta property=\"article:modified_time\" content=\"2025-03-10T08:08:17+00:00\" \/>\n<meta property=\"og:image\" content=\"https:\/\/privakreed.com\/wp-content\/uploads\/2025\/03\/Pret-personel.jpg\" \/>\n\t<meta property=\"og:image:width\" content=\"1200\" \/>\n\t<meta property=\"og:image:height\" content=\"801\" \/>\n\t<meta property=\"og:image:type\" content=\"image\/jpeg\" \/>\n<meta name=\"twitter:card\" content=\"summary_large_image\" \/>\n<meta name=\"twitter:label1\" content=\"Dur\u00e9e de lecture estim\u00e9e\" \/>\n\t<meta name=\"twitter:data1\" content=\"2 minutes\" \/>\n<script type=\"application\/ld+json\" class=\"yoast-schema-graph\">{\"@context\":\"https:\/\/schema.org\",\"@graph\":[{\"@type\":\"WebPage\",\"@id\":\"https:\/\/privakreed.com\/index.php\/pret-personnel\/\",\"url\":\"https:\/\/privakreed.com\/index.php\/pret-personnel\/\",\"name\":\"Pr\u00eat personnel - Private kredit\",\"isPartOf\":{\"@id\":\"https:\/\/privakreed.com\/#website\"},\"primaryImageOfPage\":{\"@id\":\"https:\/\/privakreed.com\/index.php\/pret-personnel\/#primaryimage\"},\"image\":{\"@id\":\"https:\/\/privakreed.com\/index.php\/pret-personnel\/#primaryimage\"},\"thumbnailUrl\":\"https:\/\/privakreed.com\/wp-content\/uploads\/2025\/03\/Pret-personel-1024x684.jpg\",\"datePublished\":\"2024-03-22T13:06:50+00:00\",\"dateModified\":\"2025-03-10T08:08:17+00:00\",\"breadcrumb\":{\"@id\":\"https:\/\/privakreed.com\/index.php\/pret-personnel\/#breadcrumb\"},\"inLanguage\":\"fr-FR\",\"potentialAction\":[{\"@type\":\"ReadAction\",\"target\":[\"https:\/\/privakreed.com\/index.php\/pret-personnel\/\"]}]},{\"@type\":\"ImageObject\",\"inLanguage\":\"fr-FR\",\"@id\":\"https:\/\/privakreed.com\/index.php\/pret-personnel\/#primaryimage\",\"url\":\"https:\/\/privakreed.com\/wp-content\/uploads\/2025\/03\/Pret-personel.jpg\",\"contentUrl\":\"https:\/\/privakreed.com\/wp-content\/uploads\/2025\/03\/Pret-personel.jpg\",\"width\":1200,\"height\":801},{\"@type\":\"BreadcrumbList\",\"@id\":\"https:\/\/privakreed.com\/index.php\/pret-personnel\/#breadcrumb\",\"itemListElement\":[{\"@type\":\"ListItem\",\"position\":1,\"name\":\"Accueil\",\"item\":\"https:\/\/privakreed.com\/\"},{\"@type\":\"ListItem\",\"position\":2,\"name\":\"Pr\u00eat personnel\"}]},{\"@type\":\"WebSite\",\"@id\":\"https:\/\/privakreed.com\/#website\",\"url\":\"https:\/\/privakreed.com\/\",\"name\":\"Crevits Financer\",\"description\":\"Le cr\u00e9dit qu&#039;il vous faut\",\"publisher\":{\"@id\":\"https:\/\/privakreed.com\/#organization\"},\"potentialAction\":[{\"@type\":\"SearchAction\",\"target\":{\"@type\":\"EntryPoint\",\"urlTemplate\":\"https:\/\/privakreed.com\/?s={search_term_string}\"},\"query-input\":{\"@type\":\"PropertyValueSpecification\",\"valueRequired\":true,\"valueName\":\"search_term_string\"}}],\"inLanguage\":\"fr-FR\"},{\"@type\":\"Organization\",\"@id\":\"https:\/\/privakreed.com\/#organization\",\"name\":\"Crevits Financer\",\"url\":\"https:\/\/privakreed.com\/\",\"logo\":{\"@type\":\"ImageObject\",\"inLanguage\":\"fr-FR\",\"@id\":\"https:\/\/privakreed.com\/#\/schema\/logo\/image\/\",\"url\":\"https:\/\/privakreed.com\/wp-content\/uploads\/2024\/03\/CREVITS-FINANCER.png\",\"contentUrl\":\"https:\/\/privakreed.com\/wp-content\/uploads\/2024\/03\/CREVITS-FINANCER.png\",\"width\":176,\"height\":50,\"caption\":\"Crevits Financer\"},\"image\":{\"@id\":\"https:\/\/privakreed.com\/#\/schema\/logo\/image\/\"}}]}<\/script>\n<!-- \/ Yoast SEO plugin. -->","yoast_head_json":{"title":"Pr\u00eat personnel - Private kredit","robots":{"index":"index","follow":"follow","max-snippet":"max-snippet:-1","max-image-preview":"max-image-preview:large","max-video-preview":"max-video-preview:-1"},"canonical":"https:\/\/privakreed.com\/index.php\/pret-personnel\/","og_locale":"fr_FR","og_type":"article","og_title":"Pr\u00eat personnel - Private kredit","og_description":"Financez vos projets gr\u00e2ce \u00e0 notre pr\u00eat perso Le pr\u00eat perso Private kredit Vous souhaitez changer votre d\u00e9co ? Organiser un beau mariage ? R\u00e9nover votre maison ou encore faire le tour du monde ? Quel que soit votre projet, le pr\u00eat personnel vous permet de le r\u00e9aliser sereinement. Etape 1 : Souscrivez au pr\u00eat [&hellip;]","og_url":"https:\/\/privakreed.com\/index.php\/pret-personnel\/","og_site_name":"Private kredit","article_modified_time":"2025-03-10T08:08:17+00:00","og_image":[{"width":1200,"height":801,"url":"https:\/\/privakreed.com\/wp-content\/uploads\/2025\/03\/Pret-personel.jpg","type":"image\/jpeg"}],"twitter_card":"summary_large_image","twitter_misc":{"Dur\u00e9e de lecture estim\u00e9e":"2 minutes"},"schema":{"@context":"https:\/\/schema.org","@graph":[{"@type":"WebPage","@id":"https:\/\/privakreed.com\/index.php\/pret-personnel\/","url":"https:\/\/privakreed.com\/index.php\/pret-personnel\/","name":"Pr\u00eat personnel - Private kredit","isPartOf":{"@id":"https:\/\/privakreed.com\/#website"},"primaryImageOfPage":{"@id":"https:\/\/privakreed.com\/index.php\/pret-personnel\/#primaryimage"},"image":{"@id":"https:\/\/privakreed.com\/index.php\/pret-personnel\/#primaryimage"},"thumbnailUrl":"https:\/\/privakreed.com\/wp-content\/uploads\/2025\/03\/Pret-personel-1024x684.jpg","datePublished":"2024-03-22T13:06:50+00:00","dateModified":"2025-03-10T08:08:17+00:00","breadcrumb":{"@id":"https:\/\/privakreed.com\/index.php\/pret-personnel\/#breadcrumb"},"inLanguage":"fr-FR","potentialAction":[{"@type":"ReadAction","target":["https:\/\/privakreed.com\/index.php\/pret-personnel\/"]}]},{"@type":"ImageObject","inLanguage":"fr-FR","@id":"https:\/\/privakreed.com\/index.php\/pret-personnel\/#primaryimage","url":"https:\/\/privakreed.com\/wp-content\/uploads\/2025\/03\/Pret-personel.jpg","contentUrl":"https:\/\/privakreed.com\/wp-content\/uploads\/2025\/03\/Pret-personel.jpg","width":1200,"height":801},{"@type":"BreadcrumbList","@id":"https:\/\/privakreed.com\/index.php\/pret-personnel\/#breadcrumb","itemListElement":[{"@type":"ListItem","position":1,"name":"Accueil","item":"https:\/\/privakreed.com\/"},{"@type":"ListItem","position":2,"name":"Pr\u00eat personnel"}]},{"@type":"WebSite","@id":"https:\/\/privakreed.com\/#website","url":"https:\/\/privakreed.com\/","name":"Crevits Financer","description":"Le cr\u00e9dit qu&#039;il vous faut","publisher":{"@id":"https:\/\/privakreed.com\/#organization"},"potentialAction":[{"@type":"SearchAction","target":{"@type":"EntryPoint","urlTemplate":"https:\/\/privakreed.com\/?s={search_term_string}"},"query-input":{"@type":"PropertyValueSpecification","valueRequired":true,"valueName":"search_term_string"}}],"inLanguage":"fr-FR"},{"@type":"Organization","@id":"https:\/\/privakreed.com\/#organization","name":"Crevits Financer","url":"https:\/\/privakreed.com\/","logo":{"@type":"ImageObject","inLanguage":"fr-FR","@id":"https:\/\/privakreed.com\/#\/schema\/logo\/image\/","url":"https:\/\/privakreed.com\/wp-content\/uploads\/2024\/03\/CREVITS-FINANCER.png","contentUrl":"https:\/\/privakreed.com\/wp-content\/uploads\/2024\/03\/CREVITS-FINANCER.png","width":176,"height":50,"caption":"Crevits Financer"},"image":{"@id":"https:\/\/privakreed.com\/#\/schema\/logo\/image\/"}}]}},"_links":{"self":[{"href":"https:\/\/privakreed.com\/index.php\/wp-json\/wp\/v2\/pages\/129","targetHints":{"allow":["GET"]}}],"collection":[{"href":"https:\/\/privakreed.com\/index.php\/wp-json\/wp\/v2\/pages"}],"about":[{"href":"https:\/\/privakreed.com\/index.php\/wp-json\/wp\/v2\/types\/page"}],"author":[{"embeddable":true,"href":"https:\/\/privakreed.com\/index.php\/wp-json\/wp\/v2\/users\/1"}],"replies":[{"embeddable":true,"href":"https:\/\/privakreed.com\/index.php\/wp-json\/wp\/v2\/comments?post=129"}],"version-history":[{"count":43,"href":"https:\/\/privakreed.com\/index.php\/wp-json\/wp\/v2\/pages\/129\/revisions"}],"predecessor-version":[{"id":859,"href":"https:\/\/privakreed.com\/index.php\/wp-json\/wp\/v2\/pages\/129\/revisions\/859"}],"wp:attachment":[{"href":"https:\/\/privakreed.com\/index.php\/wp-json\/wp\/v2\/media?parent=129"}],"curies":[{"name":"wp","href":"https:\/\/api.w.org\/{rel}","templated":true}]}}