{"id":133,"date":"2024-03-22T14:07:36","date_gmt":"2024-03-22T13:07:36","guid":{"rendered":"https:\/\/privakreed.com\/?page_id=133"},"modified":"2025-03-07T10:14:35","modified_gmt":"2025-03-07T09:14:35","slug":"pret-mariage","status":"publish","type":"page","link":"https:\/\/privakreed.com\/index.php\/pret-mariage\/","title":{"rendered":"Pr\u00eat mariage"},"content":{"rendered":"\t\t<div data-elementor-type=\"wp-page\" data-elementor-id=\"133\" class=\"elementor elementor-133\" data-elementor-post-type=\"page\">\n\t\t\t\t<div class=\"elementor-element elementor-element-e921d43 e-flex e-con-boxed e-con e-parent\" data-id=\"e921d43\" data-element_type=\"container\" data-settings=\"{&quot;background_background&quot;:&quot;classic&quot;}\">\n\t\t\t\t\t<div class=\"e-con-inner\">\n\t\t\t\t<div class=\"elementor-element elementor-element-273d6db elementor-widget elementor-widget-heading\" data-id=\"273d6db\" data-element_type=\"widget\" data-widget_type=\"heading.default\">\n\t\t\t\t<div class=\"elementor-widget-container\">\n\t\t\t\t\t<h2 class=\"elementor-heading-title elementor-size-default\">Le cr\u00e9dit mariage pour vous aider \u00e0 pr\u00e9parer le jour J<\/h2>\t\t\t\t<\/div>\n\t\t\t\t<\/div>\n\t\t\t\t\t<\/div>\n\t\t\t\t<\/div>\n\t\t<div class=\"elementor-element elementor-element-491d1ad e-flex e-con-boxed e-con e-parent\" data-id=\"491d1ad\" data-element_type=\"container\">\n\t\t\t\t\t<div class=\"e-con-inner\">\n\t\t\t\t<div class=\"elementor-element elementor-element-1a87c85 elementor-widget elementor-widget-heading\" data-id=\"1a87c85\" data-element_type=\"widget\" data-widget_type=\"heading.default\">\n\t\t\t\t<div class=\"elementor-widget-container\">\n\t\t\t\t\t<h2 class=\"elementor-heading-title elementor-size-default\">Pr\u00eat mariage : un cr\u00e9dit pour se dire oui<\/h2>\t\t\t\t<\/div>\n\t\t\t\t<\/div>\n\t\t\t\t<div class=\"elementor-element elementor-element-a7d3455 elementor-widget elementor-widget-text-editor\" data-id=\"a7d3455\" data-element_type=\"widget\" data-widget_type=\"text-editor.default\">\n\t\t\t\t<div class=\"elementor-widget-container\">\n\t\t\t\t\t\t\t\t\t<p>La demande de pr\u00eat pour un mariage est parfois n\u00e9cessaire pour la mise en place de son projet. L\u2019organisation de la c\u00e9r\u00e9monie implique diff\u00e9rentes \u00e9tapes incontournables pour profiter plus sereinement de ce jour tr\u00e8s sp\u00e9cial. L\u2019ensemble des frais engag\u00e9s peut amener \u00e0 effectuer une demande de financement.<\/p>\t\t\t\t\t\t\t\t<\/div>\n\t\t\t\t<\/div>\n\t\t\t\t\t<\/div>\n\t\t\t\t<\/div>\n\t\t<div class=\"elementor-element elementor-element-24b5643 e-flex e-con-boxed e-con e-parent\" data-id=\"24b5643\" data-element_type=\"container\">\n\t\t\t\t\t<div class=\"e-con-inner\">\n\t\t<div class=\"elementor-element elementor-element-41fe34d e-flex e-con-boxed e-con e-child\" data-id=\"41fe34d\" data-element_type=\"container\">\n\t\t\t\t\t<div class=\"e-con-inner\">\n\t\t\t\t<div class=\"elementor-element elementor-element-98cc61a elementor-widget elementor-widget-heading\" data-id=\"98cc61a\" data-element_type=\"widget\" data-widget_type=\"heading.default\">\n\t\t\t\t<div class=\"elementor-widget-container\">\n\t\t\t\t\t<h2 class=\"elementor-heading-title elementor-size-default\">Pr\u00eat mariage, des cr\u00e9dits pour un grand projet<\/h2>\t\t\t\t<\/div>\n\t\t\t\t<\/div>\n\t\t\t\t<div class=\"elementor-element elementor-element-4e30732 elementor-widget elementor-widget-text-editor\" data-id=\"4e30732\" data-element_type=\"widget\" data-widget_type=\"text-editor.default\">\n\t\t\t\t<div class=\"elementor-widget-container\">\n\t\t\t\t\t\t\t\t\t<p>Un mariage peut \u00eatre long \u00e0 mettre en place, et plus d\u2019une ann\u00e9e est parfois n\u00e9cessaire pour pr\u00e9parer cette journ\u00e9e. Une demande de\u00a0pr\u00eat\u00a0effectu\u00e9e avec un peu d\u2019avance permet d\u2019anticiper les impr\u00e9vus. La sollicitation d\u2019un\u00a0cr\u00e9dit\u00a0aupr\u00e8s d\u2019un organisme financier suppose la constitution d\u2019un dossier accompagn\u00e9 de diff\u00e9rents documents : justificatif de revenus, d\u2019identit\u00e9, d\u2019adresse, etc.<\/p>\t\t\t\t\t\t\t\t<\/div>\n\t\t\t\t<\/div>\n\t\t\t\t\t<\/div>\n\t\t\t\t<\/div>\n\t\t\t\t\t<\/div>\n\t\t\t\t<\/div>\n\t\t<div class=\"elementor-element elementor-element-2c918eb e-flex e-con-boxed e-con e-parent\" data-id=\"2c918eb\" data-element_type=\"container\">\n\t\t\t\t\t<div class=\"e-con-inner\">\n\t\t<div class=\"elementor-element elementor-element-d6bb012 e-flex e-con-boxed e-con e-child\" data-id=\"d6bb012\" data-element_type=\"container\">\n\t\t\t\t\t<div class=\"e-con-inner\">\n\t\t<div class=\"elementor-element elementor-element-17e7fd5 e-flex e-con-boxed e-con e-child\" data-id=\"17e7fd5\" data-element_type=\"container\">\n\t\t\t\t\t<div class=\"e-con-inner\">\n\t\t\t\t<div class=\"elementor-element elementor-element-be961af elementor-widget elementor-widget-heading\" data-id=\"be961af\" data-element_type=\"widget\" data-widget_type=\"heading.default\">\n\t\t\t\t<div class=\"elementor-widget-container\">\n\t\t\t\t\t<h2 class=\"elementor-heading-title elementor-size-default\">Le pr\u00eat pour financer votre mariage chez Private kredit\n<\/h2>\t\t\t\t<\/div>\n\t\t\t\t<\/div>\n\t\t\t\t<div class=\"elementor-element elementor-element-475955d elementor-widget elementor-widget-text-editor\" data-id=\"475955d\" data-element_type=\"widget\" data-widget_type=\"text-editor.default\">\n\t\t\t\t<div class=\"elementor-widget-container\">\n\t\t\t\t\t\t\t\t\t<p>Private kredit est l\u2019un des experts du pr\u00eat \u00e0 la consommation pr\u00e9sent depuis de nombreuses ann\u00e9es. Il vous propose des conseils pour organiser vote mariage sereinement. Faites votre demande en ligne et d\u00e9couvrez les modalit\u00e9s de remboursement de votre emprunt.<\/p>\t\t\t\t\t\t\t\t<\/div>\n\t\t\t\t<\/div>\n\t\t\t\t\t<\/div>\n\t\t\t\t<\/div>\n\t\t\t\t\t<\/div>\n\t\t\t\t<\/div>\n\t\t\t\t\t<\/div>\n\t\t\t\t<\/div>\n\t\t<div class=\"elementor-element elementor-element-9a6fa58 e-flex e-con-boxed e-con e-parent\" data-id=\"9a6fa58\" data-element_type=\"container\">\n\t\t\t\t\t<div class=\"e-con-inner\">\n\t\t<div class=\"elementor-element elementor-element-7a38061 e-flex e-con-boxed e-con e-child\" data-id=\"7a38061\" data-element_type=\"container\">\n\t\t\t\t\t<div class=\"e-con-inner\">\n\t\t<div class=\"elementor-element elementor-element-e7da50e e-flex e-con-boxed e-con e-child\" data-id=\"e7da50e\" data-element_type=\"container\">\n\t\t\t\t\t<div class=\"e-con-inner\">\n\t\t\t\t<div class=\"elementor-element elementor-element-482a5ba elementor-cta--skin-classic elementor-animated-content elementor-bg-transform elementor-bg-transform-zoom-in elementor-widget elementor-widget-call-to-action\" data-id=\"482a5ba\" data-element_type=\"widget\" data-widget_type=\"call-to-action.default\">\n\t\t\t\t<div class=\"elementor-widget-container\">\n\t\t\t\t\t\t\t<div class=\"elementor-cta\">\n\t\t\t\t\t\t\t<div class=\"elementor-cta__content\">\n\t\t\t\t\n\t\t\t\t<h2 class=\"elementor-cta__title elementor-cta__content-item elementor-content-item\">Vous h\u00e9sitez encore ?<\/h2>\n\t\t\t\t\t\t\t\t\t<div class=\"elementor-cta__description elementor-cta__content-item elementor-content-item\">\n\t\t\t\t\t\tPrivate kredit vous aide \u00e0 trouver le cr\u00e9dit qui est vraiment fait pour vous.\t\t\t\t\t<\/div>\n\t\t\t\t\n\t\t\t\t\t\t\t\t\t<div class=\"elementor-cta__button-wrapper elementor-cta__content-item elementor-content-item \">\n\t\t\t\t\t<a class=\"elementor-cta__button elementor-button elementor-size-sm\" href=\"https:\/\/privakreed.com\/index.php\/demander-un-credit\/\">\n\t\t\t\t\t\tDemander un cr\u00e9dit\t\t\t\t\t<\/a>\n\t\t\t\t\t<\/div>\n\t\t\t\t\t\t\t<\/div>\n\t\t\t\t\t\t<\/div>\n\t\t\t\t\t\t<\/div>\n\t\t\t\t<\/div>\n\t\t\t\t\t<\/div>\n\t\t\t\t<\/div>\n\t\t\t\t\t<\/div>\n\t\t\t\t<\/div>\n\t\t\t\t\t<\/div>\n\t\t\t\t<\/div>\n\t\t\t\t<\/div>\n\t\t","protected":false},"excerpt":{"rendered":"<p>Le cr\u00e9dit mariage pour vous aider \u00e0 pr\u00e9parer le jour J Pr\u00eat mariage : un cr\u00e9dit pour se dire oui La demande de pr\u00eat pour un mariage est parfois n\u00e9cessaire pour la mise en place de son projet. L\u2019organisation de la c\u00e9r\u00e9monie implique diff\u00e9rentes \u00e9tapes incontournables pour profiter plus sereinement de ce jour tr\u00e8s sp\u00e9cial. [&hellip;]<\/p>\n","protected":false},"author":1,"featured_media":0,"parent":0,"menu_order":0,"comment_status":"closed","ping_status":"closed","template":"elementor_header_footer","meta":{"footnotes":""},"class_list":["post-133","page","type-page","status-publish","hentry"],"yoast_head":"<!-- This site is optimized with the Yoast SEO plugin v25.6 - https:\/\/yoast.com\/wordpress\/plugins\/seo\/ -->\n<title>Pr\u00eat mariage - Private kredit<\/title>\n<meta name=\"robots\" content=\"index, follow, max-snippet:-1, max-image-preview:large, max-video-preview:-1\" \/>\n<link rel=\"canonical\" href=\"https:\/\/privakreed.com\/index.php\/pret-mariage\/\" \/>\n<meta property=\"og:locale\" content=\"fr_FR\" \/>\n<meta property=\"og:type\" content=\"article\" \/>\n<meta property=\"og:title\" content=\"Pr\u00eat mariage - Private kredit\" \/>\n<meta property=\"og:description\" content=\"Le cr\u00e9dit mariage pour vous aider \u00e0 pr\u00e9parer le jour J Pr\u00eat mariage : un cr\u00e9dit pour se dire oui La demande de pr\u00eat pour un mariage est parfois n\u00e9cessaire pour la mise en place de son projet. L\u2019organisation de la c\u00e9r\u00e9monie implique diff\u00e9rentes \u00e9tapes incontournables pour profiter plus sereinement de ce jour tr\u00e8s sp\u00e9cial. [&hellip;]\" \/>\n<meta property=\"og:url\" content=\"https:\/\/privakreed.com\/index.php\/pret-mariage\/\" \/>\n<meta property=\"og:site_name\" content=\"Private kredit\" \/>\n<meta property=\"article:modified_time\" content=\"2025-03-07T09:14:35+00:00\" \/>\n<meta name=\"twitter:card\" content=\"summary_large_image\" \/>\n<meta name=\"twitter:label1\" content=\"Dur\u00e9e de lecture estim\u00e9e\" \/>\n\t<meta name=\"twitter:data1\" content=\"2 minutes\" \/>\n<script type=\"application\/ld+json\" class=\"yoast-schema-graph\">{\"@context\":\"https:\/\/schema.org\",\"@graph\":[{\"@type\":\"WebPage\",\"@id\":\"https:\/\/privakreed.com\/index.php\/pret-mariage\/\",\"url\":\"https:\/\/privakreed.com\/index.php\/pret-mariage\/\",\"name\":\"Pr\u00eat mariage - Private kredit\",\"isPartOf\":{\"@id\":\"https:\/\/privakreed.com\/#website\"},\"datePublished\":\"2024-03-22T13:07:36+00:00\",\"dateModified\":\"2025-03-07T09:14:35+00:00\",\"breadcrumb\":{\"@id\":\"https:\/\/privakreed.com\/index.php\/pret-mariage\/#breadcrumb\"},\"inLanguage\":\"fr-FR\",\"potentialAction\":[{\"@type\":\"ReadAction\",\"target\":[\"https:\/\/privakreed.com\/index.php\/pret-mariage\/\"]}]},{\"@type\":\"BreadcrumbList\",\"@id\":\"https:\/\/privakreed.com\/index.php\/pret-mariage\/#breadcrumb\",\"itemListElement\":[{\"@type\":\"ListItem\",\"position\":1,\"name\":\"Accueil\",\"item\":\"https:\/\/privakreed.com\/\"},{\"@type\":\"ListItem\",\"position\":2,\"name\":\"Pr\u00eat mariage\"}]},{\"@type\":\"WebSite\",\"@id\":\"https:\/\/privakreed.com\/#website\",\"url\":\"https:\/\/privakreed.com\/\",\"name\":\"Crevits Financer\",\"description\":\"Le cr\u00e9dit qu&#039;il vous faut\",\"publisher\":{\"@id\":\"https:\/\/privakreed.com\/#organization\"},\"potentialAction\":[{\"@type\":\"SearchAction\",\"target\":{\"@type\":\"EntryPoint\",\"urlTemplate\":\"https:\/\/privakreed.com\/?s={search_term_string}\"},\"query-input\":{\"@type\":\"PropertyValueSpecification\",\"valueRequired\":true,\"valueName\":\"search_term_string\"}}],\"inLanguage\":\"fr-FR\"},{\"@type\":\"Organization\",\"@id\":\"https:\/\/privakreed.com\/#organization\",\"name\":\"Crevits Financer\",\"url\":\"https:\/\/privakreed.com\/\",\"logo\":{\"@type\":\"ImageObject\",\"inLanguage\":\"fr-FR\",\"@id\":\"https:\/\/privakreed.com\/#\/schema\/logo\/image\/\",\"url\":\"https:\/\/privakreed.com\/wp-content\/uploads\/2024\/03\/CREVITS-FINANCER.png\",\"contentUrl\":\"https:\/\/privakreed.com\/wp-content\/uploads\/2024\/03\/CREVITS-FINANCER.png\",\"width\":176,\"height\":50,\"caption\":\"Crevits Financer\"},\"image\":{\"@id\":\"https:\/\/privakreed.com\/#\/schema\/logo\/image\/\"}}]}<\/script>\n<!-- \/ Yoast SEO plugin. -->","yoast_head_json":{"title":"Pr\u00eat mariage - Private kredit","robots":{"index":"index","follow":"follow","max-snippet":"max-snippet:-1","max-image-preview":"max-image-preview:large","max-video-preview":"max-video-preview:-1"},"canonical":"https:\/\/privakreed.com\/index.php\/pret-mariage\/","og_locale":"fr_FR","og_type":"article","og_title":"Pr\u00eat mariage - Private kredit","og_description":"Le cr\u00e9dit mariage pour vous aider \u00e0 pr\u00e9parer le jour J Pr\u00eat mariage : un cr\u00e9dit pour se dire oui La demande de pr\u00eat pour un mariage est parfois n\u00e9cessaire pour la mise en place de son projet. L\u2019organisation de la c\u00e9r\u00e9monie implique diff\u00e9rentes \u00e9tapes incontournables pour profiter plus sereinement de ce jour tr\u00e8s sp\u00e9cial. [&hellip;]","og_url":"https:\/\/privakreed.com\/index.php\/pret-mariage\/","og_site_name":"Private kredit","article_modified_time":"2025-03-07T09:14:35+00:00","twitter_card":"summary_large_image","twitter_misc":{"Dur\u00e9e de lecture estim\u00e9e":"2 minutes"},"schema":{"@context":"https:\/\/schema.org","@graph":[{"@type":"WebPage","@id":"https:\/\/privakreed.com\/index.php\/pret-mariage\/","url":"https:\/\/privakreed.com\/index.php\/pret-mariage\/","name":"Pr\u00eat mariage - Private kredit","isPartOf":{"@id":"https:\/\/privakreed.com\/#website"},"datePublished":"2024-03-22T13:07:36+00:00","dateModified":"2025-03-07T09:14:35+00:00","breadcrumb":{"@id":"https:\/\/privakreed.com\/index.php\/pret-mariage\/#breadcrumb"},"inLanguage":"fr-FR","potentialAction":[{"@type":"ReadAction","target":["https:\/\/privakreed.com\/index.php\/pret-mariage\/"]}]},{"@type":"BreadcrumbList","@id":"https:\/\/privakreed.com\/index.php\/pret-mariage\/#breadcrumb","itemListElement":[{"@type":"ListItem","position":1,"name":"Accueil","item":"https:\/\/privakreed.com\/"},{"@type":"ListItem","position":2,"name":"Pr\u00eat mariage"}]},{"@type":"WebSite","@id":"https:\/\/privakreed.com\/#website","url":"https:\/\/privakreed.com\/","name":"Crevits Financer","description":"Le cr\u00e9dit qu&#039;il vous faut","publisher":{"@id":"https:\/\/privakreed.com\/#organization"},"potentialAction":[{"@type":"SearchAction","target":{"@type":"EntryPoint","urlTemplate":"https:\/\/privakreed.com\/?s={search_term_string}"},"query-input":{"@type":"PropertyValueSpecification","valueRequired":true,"valueName":"search_term_string"}}],"inLanguage":"fr-FR"},{"@type":"Organization","@id":"https:\/\/privakreed.com\/#organization","name":"Crevits Financer","url":"https:\/\/privakreed.com\/","logo":{"@type":"ImageObject","inLanguage":"fr-FR","@id":"https:\/\/privakreed.com\/#\/schema\/logo\/image\/","url":"https:\/\/privakreed.com\/wp-content\/uploads\/2024\/03\/CREVITS-FINANCER.png","contentUrl":"https:\/\/privakreed.com\/wp-content\/uploads\/2024\/03\/CREVITS-FINANCER.png","width":176,"height":50,"caption":"Crevits Financer"},"image":{"@id":"https:\/\/privakreed.com\/#\/schema\/logo\/image\/"}}]}},"_links":{"self":[{"href":"https:\/\/privakreed.com\/index.php\/wp-json\/wp\/v2\/pages\/133","targetHints":{"allow":["GET"]}}],"collection":[{"href":"https:\/\/privakreed.com\/index.php\/wp-json\/wp\/v2\/pages"}],"about":[{"href":"https:\/\/privakreed.com\/index.php\/wp-json\/wp\/v2\/types\/page"}],"author":[{"embeddable":true,"href":"https:\/\/privakreed.com\/index.php\/wp-json\/wp\/v2\/users\/1"}],"replies":[{"embeddable":true,"href":"https:\/\/privakreed.com\/index.php\/wp-json\/wp\/v2\/comments?post=133"}],"version-history":[{"count":25,"href":"https:\/\/privakreed.com\/index.php\/wp-json\/wp\/v2\/pages\/133\/revisions"}],"predecessor-version":[{"id":710,"href":"https:\/\/privakreed.com\/index.php\/wp-json\/wp\/v2\/pages\/133\/revisions\/710"}],"wp:attachment":[{"href":"https:\/\/privakreed.com\/index.php\/wp-json\/wp\/v2\/media?parent=133"}],"curies":[{"name":"wp","href":"https:\/\/api.w.org\/{rel}","templated":true}]}}